{"id":4666,"date":"2021-06-11T14:17:34","date_gmt":"2021-06-11T12:17:34","guid":{"rendered":"http:\/\/nkzvijezda.kontax.ba\/?page_id=4666"},"modified":"2021-06-11T16:26:09","modified_gmt":"2021-06-11T14:26:09","slug":"historija-kluba","status":"publish","type":"page","link":"https:\/\/nkzvijezda.kontax.ba\/index.php\/historija-kluba\/","title":{"rendered":"Historija kluba"},"content":{"rendered":"\t\t<div data-elementor-type=\"wp-page\" data-elementor-id=\"4666\" class=\"elementor elementor-4666\" data-elementor-settings=\"[]\">\n\t\t\t\t\t\t<div class=\"elementor-inner\">\n\t\t\t\t\t\t\t<div class=\"elementor-section-wrap\">\n\t\t\t\t\t\t\t<section class=\"elementor-section elementor-top-section elementor-element elementor-element-94ab8d8 elementor-section-boxed elementor-section-height-default elementor-section-height-default\" data-id=\"94ab8d8\" data-element_type=\"section\" data-settings=\"{&quot;background_background&quot;:&quot;classic&quot;}\">\n\t\t\t\t\t\t<div class=\"elementor-container elementor-column-gap-default\">\n\t\t\t\t\t\t\t<div class=\"elementor-row\">\n\t\t\t\t\t<div class=\"elementor-column elementor-col-100 elementor-top-column elementor-element elementor-element-7e9a73d\" data-id=\"7e9a73d\" data-element_type=\"column\">\n\t\t\t<div class=\"elementor-column-wrap elementor-element-populated\">\n\t\t\t\t\t\t\t<div class=\"elementor-widget-wrap\">\n\t\t\t\t\t\t<div class=\"elementor-element elementor-element-14bd61f elementor-widget elementor-widget-text-editor\" data-id=\"14bd61f\" data-element_type=\"widget\" data-widget_type=\"text-editor.default\">\n\t\t\t\t<div class=\"elementor-widget-container\">\n\t\t\t\t\t\t\t\t<div class=\"elementor-text-editor elementor-clearfix\">\n\t\t\t\t<h2 style=\"text-align: center;\">HISTORIJA KLUBA<\/h2>\t\t\t\t\t<\/div>\n\t\t\t\t\t\t<\/div>\n\t\t\t\t<\/div>\n\t\t\t\t\t\t<\/div>\n\t\t\t\t\t<\/div>\n\t\t<\/div>\n\t\t\t\t\t\t\t\t<\/div>\n\t\t\t\t\t<\/div>\n\t\t<\/section>\n\t\t\t\t<section class=\"elementor-section elementor-top-section elementor-element elementor-element-628df9f elementor-section-boxed elementor-section-height-default elementor-section-height-default\" data-id=\"628df9f\" data-element_type=\"section\" data-settings=\"{&quot;background_background&quot;:&quot;classic&quot;}\">\n\t\t\t\t\t\t<div class=\"elementor-container elementor-column-gap-default\">\n\t\t\t\t\t\t\t<div class=\"elementor-row\">\n\t\t\t\t\t<div class=\"elementor-column elementor-col-100 elementor-top-column elementor-element elementor-element-5b0f880\" data-id=\"5b0f880\" data-element_type=\"column\">\n\t\t\t<div class=\"elementor-column-wrap elementor-element-populated\">\n\t\t\t\t\t\t\t<div class=\"elementor-widget-wrap\">\n\t\t\t\t\t\t<div class=\"elementor-element elementor-element-d7acd1f elementor-widget elementor-widget-text-editor\" data-id=\"d7acd1f\" data-element_type=\"widget\" data-widget_type=\"text-editor.default\">\n\t\t\t\t<div class=\"elementor-widget-container\">\n\t\t\t\t\t\t\t\t<div class=\"elementor-text-editor elementor-clearfix\">\n\t\t\t\t<h4><strong>Historija<\/strong><\/h4><p>Prva nogometna lopta u Grada\u010dac je done\u0161ena 1920. godine, od strane Osmanbeg Grada\u0161\u010devi\u0107a. Me\u0111utim, prvu nogometnu loptu sa kojom su se po\u010dele igrati utakmice, donio je student Branko Popovi\u0107 iz Beograda.<\/p>\t\t\t\t\t<\/div>\n\t\t\t\t\t\t<\/div>\n\t\t\t\t<\/div>\n\t\t\t\t\t\t<\/div>\n\t\t\t\t\t<\/div>\n\t\t<\/div>\n\t\t\t\t\t\t\t\t<\/div>\n\t\t\t\t\t<\/div>\n\t\t<\/section>\n\t\t\t\t<section class=\"elementor-section elementor-top-section elementor-element elementor-element-e1bc552 elementor-section-boxed elementor-section-height-default elementor-section-height-default\" data-id=\"e1bc552\" data-element_type=\"section\" data-settings=\"{&quot;background_background&quot;:&quot;classic&quot;}\">\n\t\t\t\t\t\t<div class=\"elementor-container elementor-column-gap-default\">\n\t\t\t\t\t\t\t<div class=\"elementor-row\">\n\t\t\t\t\t<div class=\"elementor-column elementor-col-100 elementor-top-column elementor-element elementor-element-1b8fba5\" data-id=\"1b8fba5\" data-element_type=\"column\">\n\t\t\t<div class=\"elementor-column-wrap elementor-element-populated\">\n\t\t\t\t\t\t\t<div class=\"elementor-widget-wrap\">\n\t\t\t\t\t\t<div class=\"elementor-element elementor-element-c34ac87 elementor-widget elementor-widget-text-editor\" data-id=\"c34ac87\" data-element_type=\"widget\" data-widget_type=\"text-editor.default\">\n\t\t\t\t<div class=\"elementor-widget-container\">\n\t\t\t\t\t\t\t\t<div class=\"elementor-text-editor elementor-clearfix\">\n\t\t\t\t<h4><strong style=\"font-size: 1.25rem; font-style: inherit;\">Vardar<\/strong><\/h4><p>Godine 1922. grupa studenata i \u0111aka, na \u010delu sa Brankom Popovi\u0107em, osniva prvi nogometni klub pod nazivom Vardar. Ime Vardar sasvim slu\u010dajno su dali Branko Popovi\u0107 i Hasan Kiki\u0107. Obzirom da su se utakmice igrale samo ljeti, kada su djeca bila na \u0161kolskom raspustu, ovaj klub nije bio \u010dlan niti jednog nogometnog saveza, ali se uspio odr\u017eati sve do po\u010detka Drugog svjetskog rata. Sve do tada igrali su se prijateljske utakmice, a prva utakmica sa nekim klubom iz drugog grada odigrana je sa Modri\u010dom 1923. godine.<\/p><p>Godine 1933. u Grada\u010dcu dolazi do formiranja jo\u0161 jednog nogometnog kluba koji se zvao Zmaj. Odmah po formiranju ovog kluba nastalo je rivalstvo izme\u0111u Vardara i Zmaja, te kako su Zmajevi tra\u017eili susret sa Vardarom, to rivalstvo je poprimilo druge dimenzije. Naime, Vardar je pristao da odigra utakmicu pod uslovom da tim koji izgubi preda drugom timu loptu kao i svu drugu opremu, te da se mora rasformirati. Vardar je pobijedio sa 3:0 i prema dogovoru Zmaj se rasformirao i prestao sa daljim aktivnostima.<\/p><p>U periodu izmedju dva svjetska rata za Vardar su izme\u0111u ostalih igrali: Ali\u0107 Nijaz, Ali\u0107 Tasin, D\u017eaki\u0107 Ahmed, M. Halilovi\u0107 Rahman, Jovovi\u010d Mirko, Jovovi\u0107 Radovan, Kiki\u0107 Hasan, Kiki\u0107 Mustafa, Popovi\u0107 Doco, Popovi\u0107 Ljubo, Popovi\u0107 Nemanja, Pele\u0161evi\u0107 Salih, Skenderovi\u0107 Mustafa, Spasojevi\u0107 Panto, Taslid\u017ei\u010d E\u0161ef, Taslid\u017ei\u0107 Fahrudin i Tiri\u0107 Muharem. Nogometni klub Vardar postojao je sve do 1941. godine i pod tim imenom odigrao je utakmicu sa jednom njema\u010dkom okupacionom jedinicom, koja se zavr\u0161ila rezultatom 1-1. Prvim osloba\u0111anjem Grada\u010dca 1943. godine, veliki broj omladine, me\u0111u kojima i tada\u0161njih nogometa\u0161a, odlazi u partizane \u010dime prestaje igranje nogometa sve do kraja rata.<\/p>\t\t\t\t\t<\/div>\n\t\t\t\t\t\t<\/div>\n\t\t\t\t<\/div>\n\t\t\t\t\t\t<\/div>\n\t\t\t\t\t<\/div>\n\t\t<\/div>\n\t\t\t\t\t\t\t\t<\/div>\n\t\t\t\t\t<\/div>\n\t\t<\/section>\n\t\t\t\t<section class=\"elementor-section elementor-top-section elementor-element elementor-element-962d150 elementor-section-boxed elementor-section-height-default elementor-section-height-default\" data-id=\"962d150\" data-element_type=\"section\" data-settings=\"{&quot;background_background&quot;:&quot;classic&quot;}\">\n\t\t\t\t\t\t<div class=\"elementor-container elementor-column-gap-default\">\n\t\t\t\t\t\t\t<div class=\"elementor-row\">\n\t\t\t\t\t<div class=\"elementor-column elementor-col-100 elementor-top-column elementor-element elementor-element-309ecfc\" data-id=\"309ecfc\" data-element_type=\"column\">\n\t\t\t<div class=\"elementor-column-wrap elementor-element-populated\">\n\t\t\t\t\t\t\t<div class=\"elementor-widget-wrap\">\n\t\t\t\t\t\t<div class=\"elementor-element elementor-element-8600f24 elementor-widget elementor-widget-text-editor\" data-id=\"8600f24\" data-element_type=\"widget\" data-widget_type=\"text-editor.default\">\n\t\t\t\t<div class=\"elementor-widget-container\">\n\t\t\t\t\t\t\t\t<div class=\"elementor-text-editor elementor-clearfix\">\n\t\t\t\t<h5><strong>NK Zvijezda, 1972. godine<\/strong><\/h5>\n<p>Godine 1945. ponovo se pokre\u0107e nogometna aktivnost, te se u augustu odr\u017eava osniva\u010dka skup\u0161tina, na kojoj se naziv kluba mijenja u Zvijezda. Boja kluba je crvena i bijela, a znak na dresovima je bijeli krug sa crvenom petokrakom u sredini. Ime kluba kao i boja dresova su zadr\u017eani sve do dana\u0161njih dana, osim \u0161to je izmijenjen grb na kojem se vi\u0161e ne nalazi zvijezda petokraka. Od 1945. pa do 1992. godine Zvijezda se uglavnom takmi\u010dila u sreskoj, zonskoj, regionalnoj i podsaveznoj ligi, a najve\u0107i uspjeh u tom periodu postigla je 1978. godine, kada je postala \u010dlan Republi\u010dke lige BiH.<\/p>\t\t\t\t\t<\/div>\n\t\t\t\t\t\t<\/div>\n\t\t\t\t<\/div>\n\t\t\t\t\t\t<\/div>\n\t\t\t\t\t<\/div>\n\t\t<\/div>\n\t\t\t\t\t\t\t\t<\/div>\n\t\t\t\t\t<\/div>\n\t\t<\/section>\n\t\t\t\t<section class=\"elementor-section elementor-top-section elementor-element elementor-element-2238e40 elementor-section-boxed elementor-section-height-default elementor-section-height-default\" data-id=\"2238e40\" data-element_type=\"section\" data-settings=\"{&quot;background_background&quot;:&quot;classic&quot;}\">\n\t\t\t\t\t\t<div class=\"elementor-container elementor-column-gap-default\">\n\t\t\t\t\t\t\t<div class=\"elementor-row\">\n\t\t\t\t\t<div class=\"elementor-column elementor-col-100 elementor-top-column elementor-element elementor-element-5c18974\" data-id=\"5c18974\" data-element_type=\"column\">\n\t\t\t<div class=\"elementor-column-wrap elementor-element-populated\">\n\t\t\t\t\t\t\t<div class=\"elementor-widget-wrap\">\n\t\t\t\t\t\t<div class=\"elementor-element elementor-element-b54ffd9 elementor-widget elementor-widget-text-editor\" data-id=\"b54ffd9\" data-element_type=\"widget\" data-widget_type=\"text-editor.default\">\n\t\t\t\t<div class=\"elementor-widget-container\">\n\t\t\t\t\t\t\t\t<div class=\"elementor-text-editor elementor-clearfix\">\n\t\t\t\t<h4><strong>Premijer liga<\/strong><\/h4><p>U periodu poslije rata u Bosni i Hercegovini, Zvijezda posti\u017ee najbolje rezultate kada na poziciju predsjednika kluba dolazi Fadil Novali\u0107. Zvijezda za kratko vrijeme pravi velike pomake u organizacionom, finansijskom, infrastrukturnom i rezultatskom smislu. Klub najprije 2006. godine osvajao prvo mjesto u Drugoj ligi FBIH &#8211; Sjever, da bi 2008. godine bila najbolja u Prvoj nogometnoj ligi FBIH, te tako ostvaruje plasman u Premijer ligu Bosne i Hercegovine. Do sada je najbolji plasman u Premijer ligi ostvarila u sezonama 2008\/09. i 2011\/12. kada je zavr\u0161ila na sedmom mjestu.<\/p>\t\t\t\t\t<\/div>\n\t\t\t\t\t\t<\/div>\n\t\t\t\t<\/div>\n\t\t\t\t\t\t<\/div>\n\t\t\t\t\t<\/div>\n\t\t<\/div>\n\t\t\t\t\t\t\t\t<\/div>\n\t\t\t\t\t<\/div>\n\t\t<\/section>\n\t\t\t\t\t\t<\/div>\n\t\t\t\t\t\t<\/div>\n\t\t\t\t\t<\/div>\n\t\t","protected":false},"excerpt":{"rendered":"<p>HISTORIJA KLUBA Historija Prva nogometna lopta u Grada\u010dac je done\u0161ena 1920. godine, od strane Osmanbeg Grada\u0161\u010devi\u0107a. Me\u0111utim, prvu nogometnu loptu sa kojom su se po\u010dele igrati utakmice, donio je student Branko Popovi\u0107 iz Beograda. Vardar Godine 1922. grupa studenata i \u0111aka, na \u010delu sa Brankom Popovi\u0107em, osniva prvi nogometni klub pod nazivom Vardar. Ime Vardar &hellip;<\/p>\n<p class=\"read-more\"> <a class=\"\" href=\"https:\/\/nkzvijezda.kontax.ba\/index.php\/historija-kluba\/\"> <span class=\"screen-reader-text\">Historija kluba<\/span> Read More &raquo;<\/a><\/p>\n","protected":false},"author":1,"featured_media":0,"parent":0,"menu_order":0,"comment_status":"closed","ping_status":"closed","template":"","meta":{"footnotes":""},"class_list":["post-4666","page","type-page","status-publish","hentry"],"_links":{"self":[{"href":"https:\/\/nkzvijezda.kontax.ba\/index.php\/wp-json\/wp\/v2\/pages\/4666","targetHints":{"allow":["GET"]}}],"collection":[{"href":"https:\/\/nkzvijezda.kontax.ba\/index.php\/wp-json\/wp\/v2\/pages"}],"about":[{"href":"https:\/\/nkzvijezda.kontax.ba\/index.php\/wp-json\/wp\/v2\/types\/page"}],"author":[{"embeddable":true,"href":"https:\/\/nkzvijezda.kontax.ba\/index.php\/wp-json\/wp\/v2\/users\/1"}],"replies":[{"embeddable":true,"href":"https:\/\/nkzvijezda.kontax.ba\/index.php\/wp-json\/wp\/v2\/comments?post=4666"}],"version-history":[{"count":10,"href":"https:\/\/nkzvijezda.kontax.ba\/index.php\/wp-json\/wp\/v2\/pages\/4666\/revisions"}],"predecessor-version":[{"id":4685,"href":"https:\/\/nkzvijezda.kontax.ba\/index.php\/wp-json\/wp\/v2\/pages\/4666\/revisions\/4685"}],"wp:attachment":[{"href":"https:\/\/nkzvijezda.kontax.ba\/index.php\/wp-json\/wp\/v2\/media?parent=4666"}],"curies":[{"name":"wp","href":"https:\/\/api.w.org\/{rel}","templated":true}]}}